{"id":65540,"date":"2024-05-31T12:20:11","date_gmt":"2024-05-31T16:20:11","guid":{"rendered":"https:\/\/www.polycor.com\/?page_id=65540"},"modified":"2025-05-29T14:55:52","modified_gmt":"2025-05-29T18:55:52","slug":"declaration-sur-la-prevention-de-lesclavage-moderne","status":"publish","type":"page","link":"https:\/\/www.polycor.com\/fr-ca\/declaration-sur-la-prevention-de-lesclavage-moderne\/","title":{"rendered":"D\u00e9claration sur la Pr\u00e9vention de l&#8217;Esclavage Moderne\u00a0"},"content":{"rendered":"\n<div style=\"height:40px\" aria-hidden=\"true\" class=\"wp-block-spacer\"><\/div>\n\n\n\n<h4 class=\"wp-block-heading has-text-align-center is-style-subtitle-uppercase has-theme-palette-1-color has-text-color\" id=\"t\">Polycor Inc.<\/h4>\n\n\n\n<p><\/p>\n\n\n\n<div class=\"wp-block-columns is-style-default is-layout-flex wp-container-core-columns-is-layout-9d6595d7 wp-block-columns-is-layout-flex\">\n<div class=\"wp-block-column is-vertically-aligned-top is-layout-flow wp-block-column-is-layout-flow\"><div class=\"wp-block-image\">\n<figure class=\"aligncenter size-full\"><img loading=\"lazy\" decoding=\"async\" width=\"368\" height=\"183\" src=\"https:\/\/www.polycor.com\/wp-content\/uploads\/2024\/05\/image.png\" alt=\"\" class=\"wp-image-65321\" style=\"object-fit:cover\" srcset=\"https:\/\/www.polycor.com\/wp-content\/uploads\/2024\/05\/image.png 368w, https:\/\/www.polycor.com\/wp-content\/uploads\/2024\/05\/image-300x149.png 300w\" sizes=\"auto, (max-width: 368px) 100vw, 368px\" \/><\/figure>\n<\/div><\/div>\n<\/div>\n\n\n\n<h2 class=\"wp-block-heading has-text-align-center\">&nbsp;<strong><strong>D\u00c9CLARATION SUR LA PR\u00c9VENTION DE L&#8217;ESCLAVAGE MODERNE EXERCICE CLOS LE 31 D\u00c9CEMBRE 2023<\/strong><\/strong><\/h2>\n\n\n\n<h3 class=\"wp-block-heading\">1. <strong>INTRODUCTION<\/strong><\/h3>\n\n\n\n<p>Cette d\u00e9claration conjointe est faite conform\u00e9ment \u00e0 la Loi canadienne sur la lutte contre le travail forc\u00e9 et le travail des enfants dans les cha\u00eenes d&#8217;approvisionnement (la &#8220;Loi&#8221;) et vise \u00e0 couvrir la cha\u00eene d&#8217;approvisionnement et les activit\u00e9s commerciales de Polycor Inc. (98-1327745) et de sa filiale canadienne indirecte en propri\u00e9t\u00e9 exclusive, Rock of Ages Canada (98-0224925), pour l&#8217;exercice financier termin\u00e9 le 31 d\u00e9cembre 2023 (la &#8220;P\u00e9riode de r\u00e9f\u00e9rence&#8221;). Sauf indication contraire du contexte, toute r\u00e9f\u00e9rence \u00e0 &#8220;Polycor&#8221;, la &#8220;Soci\u00e9t\u00e9&#8221;, &#8220;nous&#8221; ou &#8220;notre&#8221; dans la pr\u00e9sente D\u00e9claration renvoie \u00e0 la fois \u00e0 Polycor Inc. et \u00e0 Rock of Ages Canada Inc.<\/p>\n\n\n\n<p>Il s&#8217;agit de la premi\u00e8re d\u00e9claration pr\u00e9par\u00e9e par Polycor conform\u00e9ment \u00e0 la Loi. Elle pr\u00e9sente les mesures prises par Polycor et les politiques mises en place pour identifier et pr\u00e9venir l&#8217;esclavage moderne, y compris le travail forc\u00e9 et le travail des enfants, dans le cadre de nos activit\u00e9s commerciales et de notre cha\u00eene d&#8217;approvisionnement.<\/p>\n\n\n\n<h3 class=\"wp-block-heading\">2. <strong>LES MESURES PRISES POUR PR\u00c9VENIR ET R\u00c9DUIRE LE RISQUE DE TRAVAIL FORC\u00c9 ET DE TRAVAIL DES ENFANTS AU COURS DE LA P\u00c9RIODE COUVERTE PAR LE RAPPORT<\/strong><\/h3>\n\n\n\n<p>Au cours de la P\u00e9riode de r\u00e9f\u00e9rence, nous avons pris les mesures suivantes pour pr\u00e9venir et r\u00e9duire le risque de travail forc\u00e9 ou de travail des enfants dans le cadre de nos activit\u00e9s et de notre cha\u00eene d&#8217;approvisionnement :<\/p>\n\n\n\n<ul class=\"wp-block-list\">\n<li>Nous avons initi\u00e9 la r\u00e9vision de notre Code de conduite de l\u2019entreprise ainsi que la mise en oeuvre d&#8217;un nouveau Code de Conduite des Fournisseurs.<\/li>\n\n\n\n<li>Nous avons r\u00e9alis\u00e9 une cartographie de la cha\u00eene d&#8217;approvisionnement de notre entreprise canadienne afin d&#8217;identifier les zones \u00e0 haut risque de pratiques de travail forc\u00e9 et de travail des enfants.<\/li>\n<\/ul>\n\n\n\n<h3 class=\"wp-block-heading\"><strong>3. &nbsp;&nbsp;STRUCTURE, ACTIVIT\u00c9S ET CHA\u00ceNES D&#8217;APPROVISIONNEMENT<\/strong><\/h3>\n\n\n\n<p>Fond\u00e9e en 1987, Polycor est une soci\u00e9t\u00e9 constitu\u00e9e en vertu de la Loi sur les soci\u00e9t\u00e9s par actions du Qu\u00e9bec et son si\u00e8ge social est situ\u00e9 dans la ville de Qu\u00e9bec, au Qu\u00e9bec. Polycor est un fabricant de pierre de taille int\u00e9gr\u00e9 verticalement qui exploite des carri\u00e8res de pierre et des installations de fabrication au Canada. Par l&#8217;interm\u00e9diaire de ses filiales, Polycor exploite \u00e9galement des carri\u00e8res de pierre et des installations de fabrication aux \u00c9tats-Unis et en France, ainsi que des magasins de d\u00e9tail aux \u00c9tats-Unis. Polycor emploie, directement ou indirectement, environ 1 400 personnes au Canada, aux \u00c9tats-Unis et en France.<\/p>\n\n\n\n<p>La majorit\u00e9 des produits et services achet\u00e9s par Polycor pour ses activit\u00e9s canadiennes proviennent d\u2019un \u00e9ventail de tierces parties situ\u00e9s au Canada. Polycor importe \u00e9galement le mat\u00e9riel et les fournitures n\u00e9cessaires \u00e0 l&#8217;extraction et au traitement des pierres, principalement aupr\u00e8s de fournisseurs nord-am\u00e9ricains et europ\u00e9ens. Nous nous procurons aussi parfois des pierres \u00e0 transformer dans nos installations de fabrication aupr\u00e8s de nos filiales aux \u00c9tats-Unis ou en France ou aupr\u00e8s de tiers.<\/p>\n\n\n\n<h3 class=\"wp-block-heading\">4. <strong>POLITIQUES ET PROC\u00c9DURES DE DILIGENCE RAISONNABLE<\/strong><\/h3>\n\n\n\n<p>Une r\u00e9vision du Code de conduite de l\u2019entreprise de Polycor a \u00e9t\u00e9 lanc\u00e9e en 2023 et a abouti \u00e0 l&#8217;adoption d&#8217;un code r\u00e9vis\u00e9 au d\u00e9but de 2024. Le Code de conduite s&#8217;applique \u00e0 tous les employ\u00e9s de Polycor, y compris tous les directeurs, cadres, gestionnaires et autres employ\u00e9s, ainsi qu&#8217;\u00e0 chacune de ses filiales et aux personnes qui entretiennent une relation de type professionnel avec Polycor. Il pr\u00e9cise les valeurs fondamentales et les normes de comportement qui sont attendues de nous dans tous les aspects de notre activit\u00e9. Il souligne notre engagement \u00e0 exercer nos activit\u00e9s de mani\u00e8re \u00e9thique, dans le respect des lois et r\u00e9glementations en vigueur, ainsi que notre soutien aux normes internationales en mati\u00e8re de droits de l&#8217;Homme, y compris notre engagement \u00e0 ne pas recourir au travail forc\u00e9 ou au travail des enfants, sous quelque forme que ce soit.<\/p>\n\n\n\n<p>Tous les employ\u00e9s de Polycor sont tenus de certifier qu&#8217;ils ont lu, compris et accept\u00e9 d&#8217;\u00eatre li\u00e9s par le Code de conduite de l\u2019entreprise.<\/p>\n\n\n\n<p>En 2023, nous avons \u00e9galement lanc\u00e9 la mise en oeuvre du premier Code de Conduite des Fournisseurs de Polycor, qui s&#8217;applique \u00e0 tous les fournisseurs de Polycor et \u00e0 leurs sous-traitants et qui a \u00e9t\u00e9 adopt\u00e9 au d\u00e9but de 2024. Le Code de Conduite des Fournisseurs d\u00e9finit les normes que nous attendons de nos fournisseurs en mati\u00e8re de conformit\u00e9 l\u00e9gale, de sant\u00e9 et de s\u00e9curit\u00e9 et de conditions de travail, et interdit sp\u00e9cifiquement le recours au travail forc\u00e9 ou au travail des enfants. Le Code de Conduite des Fournisseurs exige des fournisseurs qu&#8217;ils fournissent des preuves d&#8217;un processus de diligence raisonnable, y compris la mise en place de proc\u00e9dures et de politiques, afin de garantir le respect du Code, et pr\u00e9voit que nous pouvons auditer nos fournisseurs pour v\u00e9rifier leur conformit\u00e9.<\/p>\n\n\n\n<h3 class=\"wp-block-heading\"><strong>5. L&#8217;\u00c9VALUATION ET LA GESTION DES RISQUES<\/strong><\/h3>\n\n\n\n<p>Au cours de la P\u00e9riode de r\u00e9f\u00e9rence, nous n&#8217;avons identifi\u00e9 aucun cas de travail forc\u00e9 ou de travail des enfants dans le cadre de nos activit\u00e9s. Le risque global que nos activit\u00e9s causent ou contribuent \u00e0 l&#8217;esclavage moderne est minime \u00e9tant donn\u00e9 que notre main-d&#8217;\u0153uvre est en grande partie qualifi\u00e9e, exp\u00e9riment\u00e9e et situ\u00e9e au Canada, aux \u00c9tats-Unis et en France, pays qui disposent tous d&#8217;une l\u00e9gislation avanc\u00e9e et de m\u00e9canismes d&#8217;application pour lutter contre le recours au travail forc\u00e9 ou au travail des enfants.<\/p>\n\n\n\n<p>Au cours de la P\u00e9riode de r\u00e9f\u00e9rence, nous avons r\u00e9alis\u00e9 une premi\u00e8re cartographie de la cha\u00eene d&#8217;approvisionnement de notre entreprise canadienne afin d&#8217;identifier les domaines pr\u00e9sentant un risque plus \u00e9lev\u00e9 de pratiques de travail forc\u00e9 et de travail des enfants. Cette analyse s&#8217;est concentr\u00e9e sur les fournisseurs de niveau 1 de l&#8217;entreprise canadienne avec lesquels nous avons une relation directe. Nous avons identifi\u00e9 le pays dans lequel chacun de ces fournisseurs op\u00e8re et examin\u00e9 les risques de travail forc\u00e9 dans ces pays, en utilisant le Walk Free Global Slavery Index. La cat\u00e9gorie du fournisseur et le type de biens ou de services qu&#8217;il fournit ont \u00e9galement \u00e9t\u00e9 utilis\u00e9s comme indicateurs pour \u00e9valuer tout fournisseur potentiel pr\u00e9sentant un risque plus \u00e9lev\u00e9.<\/p>\n\n\n\n<p>Nous n&#8217;avons pas identifi\u00e9 de risques de travail forc\u00e9 ou de travail des enfants dans la cha\u00eene d&#8217;approvisionnement de notre entreprise canadienne en rapport avec un secteur ou une industrie sp\u00e9cifique, bien que nous ayons identifi\u00e9 un petit nombre de fournisseurs potentiels \u00e0 haut risque. Ces fournisseurs sont pour la plupart bas\u00e9s en Am\u00e9rique du Nord et fournissent des pierres naturelles extraites dans certains pays \u00e0 haut risque. En 2024, nous concentrerons en priorit\u00e9 nos activit\u00e9s de diligence raisonnable sur ces fournisseurs. Au cours de la P\u00e9riode de r\u00e9f\u00e9rence, nous n&#8217;avons identifi\u00e9 aucun cas de travail forc\u00e9 ou de travail des enfants au sein de notre cha\u00eene d&#8217;approvisionnement. <\/p>\n\n\n\n<h3 class=\"wp-block-heading\">6. <strong>MESURES DE REM\u00c9DIATION<\/strong><\/h3>\n\n\n\n<p>Comme nous n&#8217;avons identifi\u00e9 aucun cas de travail forc\u00e9 ou de travail des enfants au sein de nos op\u00e9rations ou de notre cha\u00eene d&#8217;approvisionnement, aucune mesure n&#8217;a \u00e9t\u00e9 n\u00e9cessaire pour \u00e9liminer le recours au travail forc\u00e9 ou au travail des enfants. Polycor n&#8217;a donc pas identifi\u00e9 de situation de perte de revenus pour les familles les plus vuln\u00e9rables en tant qu&#8217;effet d&#8217;une mesure prise pour \u00e9liminer le recours au travail forc\u00e9 ou au travail des enfants. Polycor s&#8217;engage \u00e0 enqu\u00eater sur tous les probl\u00e8mes ou incidents signal\u00e9s et, si ces probl\u00e8mes sont av\u00e9r\u00e9s, \u00e0 prendre toute mesure corrective appropri\u00e9e pour r\u00e9soudre les probl\u00e8mes soulev\u00e9s.<\/p>\n\n\n\n<h3 class=\"wp-block-heading\"><strong>7. FORMATION<\/strong><\/h3>\n\n\n\n<p>Au cours de la P\u00e9riode de r\u00e9f\u00e9rence, Polycor n&#8217;a pas fourni de formation sp\u00e9cifique aux employ\u00e9s sur le travail forc\u00e9 des enfants, mais Polycor a l&#8217;intention de fournir une formation aux employ\u00e9s sur le Code de Conduite des Fournisseurs au cours de l&#8217;ann\u00e9e 2024.<\/p>\n\n\n\n<h3 class=\"wp-block-heading\"><strong>8. EFFICACIT\u00c9<\/strong><\/h3>\n\n\n\n<p>Polycor a mis en \u0153uvre des mesures visant \u00e0 pr\u00e9venir et \u00e0 r\u00e9duire le risque de travail forc\u00e9 ou de travail des enfants dans le cadre de ses activit\u00e9s et de sa cha\u00eene d&#8217;approvisionnement, mais nous n&#8217;avons pas pris de mesures pour \u00e9valuer l&#8217;efficacit\u00e9 de ces mesures au cours de la P\u00e9riode de r\u00e9f\u00e9rence.<\/p>\n\n\n\n<h3 class=\"wp-block-heading\"><strong>9. APPROBATION ET ATTESTATION<\/strong><\/h3>\n\n\n\n<p>La pr\u00e9sente D\u00e9claration a \u00e9t\u00e9 approuv\u00e9e par le conseil d&#8217;administration de Polycor Inc. conform\u00e9ment au paragraphe 11 (4) de la Loi, le 23 mai 2024.<\/p>\n\n\n\n<p>Conform\u00e9ment aux exigences de la loi, et en particulier de son article 11, j&#8217;atteste que j&#8217;ai examin\u00e9 les informations contenues dans le pr\u00e9sent rapport pour les entit\u00e9s \u00e9num\u00e9r\u00e9es ci-dessus. Sur la base de mes connaissances et apr\u00e8s avoir fait preuve d&#8217;une diligence raisonnable, j&#8217;atteste que les informations contenues dans la pr\u00e9sente d\u00e9claration sont v\u00e9ridiques, exactes et compl\u00e8tes \u00e0 tous \u00e9gards importants aux fins de la loi, pour la P\u00e9riode de r\u00e9f\u00e9rence mentionn\u00e9e ci-dessus.<\/p>\n\n\n\n<p>J&#8217;ai le pouvoir de lier Polycor Inc.<\/p>\n\n\n\n<figure class=\"wp-block-image size-full is-resized\"><img loading=\"lazy\" decoding=\"async\" width=\"378\" height=\"122\" src=\"https:\/\/www.polycor.com\/wp-content\/uploads\/2024\/05\/Capture-decran-2024-05-30-a-13.00.04.png\" alt=\"\" class=\"wp-image-65541\" style=\"width:192px;height:auto\" srcset=\"https:\/\/www.polycor.com\/wp-content\/uploads\/2024\/05\/Capture-decran-2024-05-30-a-13.00.04.png 378w, https:\/\/www.polycor.com\/wp-content\/uploads\/2024\/05\/Capture-decran-2024-05-30-a-13.00.04-300x97.png 300w\" sizes=\"auto, (max-width: 378px) 100vw, 378px\" \/><\/figure>\n\n\n\n<p style=\"line-height:1.5\">Brian McManus <br>Pr\u00e9sident Ex\u00e9cutif\u00a0<br>Le 24 mai 2024<\/p>\n\n\n\n<div class=\"wp-block-group\"><div class=\"wp-block-group__inner-container is-layout-constrained wp-block-group-is-layout-constrained\">\n<p><\/p>\n<\/div><\/div>\n\n\n\n<div style=\"height:80px\" aria-hidden=\"true\" class=\"wp-block-spacer\"><\/div>\n\n\n\n<div style=\"height:25px\" aria-hidden=\"true\" class=\"wp-block-spacer\"><\/div>\n\n\n\n<div class=\"internal-search-metadata\"><p>terms-of-use, page<\/p><\/div>\n\n\n\n<p><\/p>\n","protected":false},"excerpt":{"rendered":"<p>Polycor Inc. &nbsp;D\u00c9CLARATION SUR LA PR\u00c9VENTION DE L&#8217;ESCLAVAGE MODERNE EXERCICE CLOS LE 31 D\u00c9CEMBRE 2023 1. INTRODUCTION Cette d\u00e9claration conjointe est faite conform\u00e9ment \u00e0 la Loi canadienne sur la lutte contre le travail forc\u00e9 et le travail des enfants dans les cha\u00eenes d&#8217;approvisionnement (la &#8220;Loi&#8221;) et vise \u00e0 couvrir la cha\u00eene d&#8217;approvisionnement et les activit\u00e9s&#8230;<\/p>\n","protected":false},"author":31,"featured_media":0,"parent":0,"menu_order":0,"comment_status":"closed","ping_status":"closed","template":"","meta":{"_acf_changed":false,"content-type":"","_kad_blocks_custom_css":"","_kad_blocks_head_custom_js":"","_kad_blocks_body_custom_js":"","_kad_blocks_footer_custom_js":"","_kad_post_transparent":"","_kad_post_title":"","_kad_post_layout":"","_kad_post_sidebar_id":"","_kad_post_content_style":"","_kad_post_vertical_padding":"","_kad_post_feature":"","_kad_post_feature_position":"","_kad_post_header":false,"_kad_post_footer":false,"_kad_post_classname":"","footnotes":""},"materials":[],"project-tags":[],"resource_type":[],"sites":[],"stone_tags":[],"product-tax":[],"application-tax":[],"class_list":["post-65540","page","type-page","status-publish","hentry"],"acf":[],"yoast_head":"<!-- This site is optimized with the Yoast SEO Premium plugin v27.2 (Yoast SEO v27.2) - https:\/\/yoast.com\/product\/yoast-seo-premium-wordpress\/ -->\n<title>D\u00e9claration sur la Pr\u00e9vention de l&#039;Esclavage Moderne\u00a0 - Polycor Inc.<\/title>\n<meta name=\"robots\" content=\"index, follow, max-snippet:-1, max-image-preview:large, max-video-preview:-1\" \/>\n<link rel=\"canonical\" href=\"https:\/\/www.polycor.com\/fr-ca\/declaration-sur-la-prevention-de-lesclavage-moderne\/\" \/>\n<meta property=\"og:locale\" content=\"fr_CA\" \/>\n<meta property=\"og:type\" content=\"article\" \/>\n<meta property=\"og:title\" content=\"D\u00e9claration sur la Pr\u00e9vention de l&#039;Esclavage Moderne\u00a0\" \/>\n<meta property=\"og:description\" content=\"Polycor Inc. &nbsp;D\u00c9CLARATION SUR LA PR\u00c9VENTION DE L&#8217;ESCLAVAGE MODERNE EXERCICE CLOS LE 31 D\u00c9CEMBRE 2023 1. INTRODUCTION Cette d\u00e9claration conjointe est faite conform\u00e9ment \u00e0 la Loi canadienne sur la lutte contre le travail forc\u00e9 et le travail des enfants dans les cha\u00eenes d&#8217;approvisionnement (la &#8220;Loi&#8221;) et vise \u00e0 couvrir la cha\u00eene d&#8217;approvisionnement et les activit\u00e9s...\" \/>\n<meta property=\"og:url\" content=\"https:\/\/www.polycor.com\/fr-ca\/declaration-sur-la-prevention-de-lesclavage-moderne\/\" \/>\n<meta property=\"og:site_name\" content=\"Polycor Inc.\" \/>\n<meta property=\"article:modified_time\" content=\"2025-05-29T18:55:52+00:00\" \/>\n<meta property=\"og:image\" content=\"https:\/\/www.polycor.com\/wp-content\/uploads\/2024\/05\/image.png\" \/>\n\t<meta property=\"og:image:width\" content=\"368\" \/>\n\t<meta property=\"og:image:height\" content=\"183\" \/>\n\t<meta property=\"og:image:type\" content=\"image\/png\" \/>\n<meta name=\"twitter:card\" content=\"summary_large_image\" \/>\n<meta name=\"twitter:label1\" content=\"Estimation du temps de lecture\" \/>\n\t<meta name=\"twitter:data1\" content=\"7 minutes\" \/>\n<script type=\"application\/ld+json\" class=\"yoast-schema-graph\">{\"@context\":\"https:\/\/schema.org\",\"@graph\":[{\"@type\":\"WebPage\",\"@id\":\"https:\/\/www.polycor.com\/fr-ca\/declaration-sur-la-prevention-de-lesclavage-moderne\/\",\"url\":\"https:\/\/www.polycor.com\/fr-ca\/declaration-sur-la-prevention-de-lesclavage-moderne\/\",\"name\":\"D\u00e9claration sur la Pr\u00e9vention de l'Esclavage Moderne\u00a0 - Polycor Inc.\",\"isPartOf\":{\"@id\":\"https:\/\/www.polycor.com\/fr-ca\/#website\"},\"primaryImageOfPage\":{\"@id\":\"https:\/\/www.polycor.com\/fr-ca\/declaration-sur-la-prevention-de-lesclavage-moderne\/#primaryimage\"},\"image\":{\"@id\":\"https:\/\/www.polycor.com\/fr-ca\/declaration-sur-la-prevention-de-lesclavage-moderne\/#primaryimage\"},\"thumbnailUrl\":\"https:\/\/www.polycor.com\/wp-content\/uploads\/2024\/05\/image.png\",\"datePublished\":\"2024-05-31T16:20:11+00:00\",\"dateModified\":\"2025-05-29T18:55:52+00:00\",\"breadcrumb\":{\"@id\":\"https:\/\/www.polycor.com\/fr-ca\/declaration-sur-la-prevention-de-lesclavage-moderne\/#breadcrumb\"},\"inLanguage\":\"fr-CA\",\"potentialAction\":[{\"@type\":\"ReadAction\",\"target\":[\"https:\/\/www.polycor.com\/fr-ca\/declaration-sur-la-prevention-de-lesclavage-moderne\/\"]}]},{\"@type\":\"ImageObject\",\"inLanguage\":\"fr-CA\",\"@id\":\"https:\/\/www.polycor.com\/fr-ca\/declaration-sur-la-prevention-de-lesclavage-moderne\/#primaryimage\",\"url\":\"https:\/\/www.polycor.com\/wp-content\/uploads\/2024\/05\/image.png\",\"contentUrl\":\"https:\/\/www.polycor.com\/wp-content\/uploads\/2024\/05\/image.png\"},{\"@type\":\"BreadcrumbList\",\"@id\":\"https:\/\/www.polycor.com\/fr-ca\/declaration-sur-la-prevention-de-lesclavage-moderne\/#breadcrumb\",\"itemListElement\":[{\"@type\":\"ListItem\",\"position\":1,\"name\":\"Home\",\"item\":\"https:\/\/www.polycor.com\/fr-ca\/\"},{\"@type\":\"ListItem\",\"position\":2,\"name\":\"D\u00e9claration sur la Pr\u00e9vention de l&#8217;Esclavage Moderne\u00a0\"}]},{\"@type\":\"WebSite\",\"@id\":\"https:\/\/www.polycor.com\/fr-ca\/#website\",\"url\":\"https:\/\/www.polycor.com\/fr-ca\/\",\"name\":\"Polycor Inc.\",\"description\":\"The Largest Portfolio of Natural Stone in North America\",\"publisher\":{\"@id\":\"https:\/\/www.polycor.com\/fr-ca\/#organization\"},\"potentialAction\":[{\"@type\":\"SearchAction\",\"target\":{\"@type\":\"EntryPoint\",\"urlTemplate\":\"https:\/\/www.polycor.com\/fr-ca\/?s={search_term_string}\"},\"query-input\":{\"@type\":\"PropertyValueSpecification\",\"valueRequired\":true,\"valueName\":\"search_term_string\"}}],\"inLanguage\":\"fr-CA\"},{\"@type\":\"Organization\",\"@id\":\"https:\/\/www.polycor.com\/fr-ca\/#organization\",\"name\":\"Polycor Inc.\",\"url\":\"https:\/\/www.polycor.com\/fr-ca\/\",\"logo\":{\"@type\":\"ImageObject\",\"inLanguage\":\"fr-CA\",\"@id\":\"https:\/\/www.polycor.com\/fr-ca\/#\/schema\/logo\/image\/\",\"url\":\"https:\/\/www.polycor.com\/wp-content\/uploads\/2023\/05\/pol-logo-fr.svg\",\"contentUrl\":\"https:\/\/www.polycor.com\/wp-content\/uploads\/2023\/05\/pol-logo-fr.svg\",\"width\":758,\"height\":148,\"caption\":\"Polycor Inc.\"},\"image\":{\"@id\":\"https:\/\/www.polycor.com\/fr-ca\/#\/schema\/logo\/image\/\"}}]}<\/script>\n<!-- \/ Yoast SEO Premium plugin. -->","yoast_head_json":{"title":"D\u00e9claration sur la Pr\u00e9vention de l'Esclavage Moderne\u00a0 - Polycor Inc.","robots":{"index":"index","follow":"follow","max-snippet":"max-snippet:-1","max-image-preview":"max-image-preview:large","max-video-preview":"max-video-preview:-1"},"canonical":"https:\/\/www.polycor.com\/fr-ca\/declaration-sur-la-prevention-de-lesclavage-moderne\/","og_locale":"fr_CA","og_type":"article","og_title":"D\u00e9claration sur la Pr\u00e9vention de l'Esclavage Moderne\u00a0","og_description":"Polycor Inc. &nbsp;D\u00c9CLARATION SUR LA PR\u00c9VENTION DE L&#8217;ESCLAVAGE MODERNE EXERCICE CLOS LE 31 D\u00c9CEMBRE 2023 1. INTRODUCTION Cette d\u00e9claration conjointe est faite conform\u00e9ment \u00e0 la Loi canadienne sur la lutte contre le travail forc\u00e9 et le travail des enfants dans les cha\u00eenes d&#8217;approvisionnement (la &#8220;Loi&#8221;) et vise \u00e0 couvrir la cha\u00eene d&#8217;approvisionnement et les activit\u00e9s...","og_url":"https:\/\/www.polycor.com\/fr-ca\/declaration-sur-la-prevention-de-lesclavage-moderne\/","og_site_name":"Polycor Inc.","article_modified_time":"2025-05-29T18:55:52+00:00","og_image":[{"width":368,"height":183,"url":"https:\/\/www.polycor.com\/wp-content\/uploads\/2024\/05\/image.png","type":"image\/png"}],"twitter_card":"summary_large_image","twitter_misc":{"Estimation du temps de lecture":"7 minutes"},"schema":{"@context":"https:\/\/schema.org","@graph":[{"@type":"WebPage","@id":"https:\/\/www.polycor.com\/fr-ca\/declaration-sur-la-prevention-de-lesclavage-moderne\/","url":"https:\/\/www.polycor.com\/fr-ca\/declaration-sur-la-prevention-de-lesclavage-moderne\/","name":"D\u00e9claration sur la Pr\u00e9vention de l'Esclavage Moderne\u00a0 - Polycor Inc.","isPartOf":{"@id":"https:\/\/www.polycor.com\/fr-ca\/#website"},"primaryImageOfPage":{"@id":"https:\/\/www.polycor.com\/fr-ca\/declaration-sur-la-prevention-de-lesclavage-moderne\/#primaryimage"},"image":{"@id":"https:\/\/www.polycor.com\/fr-ca\/declaration-sur-la-prevention-de-lesclavage-moderne\/#primaryimage"},"thumbnailUrl":"https:\/\/www.polycor.com\/wp-content\/uploads\/2024\/05\/image.png","datePublished":"2024-05-31T16:20:11+00:00","dateModified":"2025-05-29T18:55:52+00:00","breadcrumb":{"@id":"https:\/\/www.polycor.com\/fr-ca\/declaration-sur-la-prevention-de-lesclavage-moderne\/#breadcrumb"},"inLanguage":"fr-CA","potentialAction":[{"@type":"ReadAction","target":["https:\/\/www.polycor.com\/fr-ca\/declaration-sur-la-prevention-de-lesclavage-moderne\/"]}]},{"@type":"ImageObject","inLanguage":"fr-CA","@id":"https:\/\/www.polycor.com\/fr-ca\/declaration-sur-la-prevention-de-lesclavage-moderne\/#primaryimage","url":"https:\/\/www.polycor.com\/wp-content\/uploads\/2024\/05\/image.png","contentUrl":"https:\/\/www.polycor.com\/wp-content\/uploads\/2024\/05\/image.png"},{"@type":"BreadcrumbList","@id":"https:\/\/www.polycor.com\/fr-ca\/declaration-sur-la-prevention-de-lesclavage-moderne\/#breadcrumb","itemListElement":[{"@type":"ListItem","position":1,"name":"Home","item":"https:\/\/www.polycor.com\/fr-ca\/"},{"@type":"ListItem","position":2,"name":"D\u00e9claration sur la Pr\u00e9vention de l&#8217;Esclavage Moderne\u00a0"}]},{"@type":"WebSite","@id":"https:\/\/www.polycor.com\/fr-ca\/#website","url":"https:\/\/www.polycor.com\/fr-ca\/","name":"Polycor Inc.","description":"The Largest Portfolio of Natural Stone in North America","publisher":{"@id":"https:\/\/www.polycor.com\/fr-ca\/#organization"},"potentialAction":[{"@type":"SearchAction","target":{"@type":"EntryPoint","urlTemplate":"https:\/\/www.polycor.com\/fr-ca\/?s={search_term_string}"},"query-input":{"@type":"PropertyValueSpecification","valueRequired":true,"valueName":"search_term_string"}}],"inLanguage":"fr-CA"},{"@type":"Organization","@id":"https:\/\/www.polycor.com\/fr-ca\/#organization","name":"Polycor Inc.","url":"https:\/\/www.polycor.com\/fr-ca\/","logo":{"@type":"ImageObject","inLanguage":"fr-CA","@id":"https:\/\/www.polycor.com\/fr-ca\/#\/schema\/logo\/image\/","url":"https:\/\/www.polycor.com\/wp-content\/uploads\/2023\/05\/pol-logo-fr.svg","contentUrl":"https:\/\/www.polycor.com\/wp-content\/uploads\/2023\/05\/pol-logo-fr.svg","width":758,"height":148,"caption":"Polycor Inc."},"image":{"@id":"https:\/\/www.polycor.com\/fr-ca\/#\/schema\/logo\/image\/"}}]}},"taxonomy_info":[],"featured_image_src_large":false,"author_info":{"display_name":"Chaity Tarafder","author_link":"https:\/\/www.polycor.com\/fr-ca\/blog\/author\/ctarafder\/"},"comment_info":0,"_links":{"self":[{"href":"https:\/\/www.polycor.com\/fr-ca\/wp-json\/wp\/v2\/pages\/65540","targetHints":{"allow":["GET"]}}],"collection":[{"href":"https:\/\/www.polycor.com\/fr-ca\/wp-json\/wp\/v2\/pages"}],"about":[{"href":"https:\/\/www.polycor.com\/fr-ca\/wp-json\/wp\/v2\/types\/page"}],"author":[{"embeddable":true,"href":"https:\/\/www.polycor.com\/fr-ca\/wp-json\/wp\/v2\/users\/31"}],"replies":[{"embeddable":true,"href":"https:\/\/www.polycor.com\/fr-ca\/wp-json\/wp\/v2\/comments?post=65540"}],"version-history":[{"count":4,"href":"https:\/\/www.polycor.com\/fr-ca\/wp-json\/wp\/v2\/pages\/65540\/revisions"}],"predecessor-version":[{"id":78995,"href":"https:\/\/www.polycor.com\/fr-ca\/wp-json\/wp\/v2\/pages\/65540\/revisions\/78995"}],"wp:attachment":[{"href":"https:\/\/www.polycor.com\/fr-ca\/wp-json\/wp\/v2\/media?parent=65540"}],"wp:term":[{"taxonomy":"materials","embeddable":true,"href":"https:\/\/www.polycor.com\/fr-ca\/wp-json\/wp\/v2\/materials?post=65540"},{"taxonomy":"project-tags","embeddable":true,"href":"https:\/\/www.polycor.com\/fr-ca\/wp-json\/wp\/v2\/project-tags?post=65540"},{"taxonomy":"resource_type","embeddable":true,"href":"https:\/\/www.polycor.com\/fr-ca\/wp-json\/wp\/v2\/resource_type?post=65540"},{"taxonomy":"sites","embeddable":true,"href":"https:\/\/www.polycor.com\/fr-ca\/wp-json\/wp\/v2\/sites?post=65540"},{"taxonomy":"stone_tags","embeddable":true,"href":"https:\/\/www.polycor.com\/fr-ca\/wp-json\/wp\/v2\/stone_tags?post=65540"},{"taxonomy":"product-tax","embeddable":true,"href":"https:\/\/www.polycor.com\/fr-ca\/wp-json\/wp\/v2\/product-tax?post=65540"},{"taxonomy":"application-tax","embeddable":true,"href":"https:\/\/www.polycor.com\/fr-ca\/wp-json\/wp\/v2\/application-tax?post=65540"}],"curies":[{"name":"wp","href":"https:\/\/api.w.org\/{rel}","templated":true}]}}