{"id":65575,"date":"2024-05-31T12:13:36","date_gmt":"2024-05-31T16:13:36","guid":{"rendered":"https:\/\/www.polycor.com\/?page_id=65575"},"modified":"2024-05-31T12:13:41","modified_gmt":"2024-05-31T16:13:41","slug":"code-de-conduite-des-fournisseurs","status":"publish","type":"page","link":"https:\/\/www.polycor.com\/fr-ca\/code-de-conduite-des-fournisseurs\/","title":{"rendered":"Code de Conduite des Fournisseurs"},"content":{"rendered":"\n<div style=\"height:40px\" aria-hidden=\"true\" class=\"wp-block-spacer\"><\/div>\n\n\n\n<h4 class=\"wp-block-heading has-text-align-center is-style-subtitle-uppercase has-theme-palette-1-color has-text-color\" id=\"t\">Polycor Inc.<\/h4>\n\n\n\n<div style=\"height:60px\" aria-hidden=\"true\" class=\"wp-block-spacer\"><\/div>\n\n\n\n<div class=\"wp-block-columns is-layout-flex wp-container-core-columns-is-layout-9d6595d7 wp-block-columns-is-layout-flex\">\n<div class=\"wp-block-column is-layout-flow wp-block-column-is-layout-flow\"><div class=\"wp-block-image\">\n<figure class=\"aligncenter size-full\"><img loading=\"lazy\" decoding=\"async\" width=\"368\" height=\"183\" src=\"https:\/\/www.polycor.com\/wp-content\/uploads\/2024\/05\/image.png\" alt=\"\" class=\"wp-image-65321\" style=\"object-fit:cover\" srcset=\"https:\/\/www.polycor.com\/wp-content\/uploads\/2024\/05\/image.png 368w, https:\/\/www.polycor.com\/wp-content\/uploads\/2024\/05\/image-300x149.png 300w\" sizes=\"auto, (max-width: 368px) 100vw, 368px\" \/><\/figure>\n<\/div><\/div>\n\n\n\n<div class=\"wp-block-column is-layout-flow wp-block-column-is-layout-flow\">\n<p><\/p>\n\n\n\n<figure class=\"wp-block-table\"><table><tbody><tr><td><strong>Date d\u2019\u00e9mission<\/strong><\/td><td>5 avril, 2024<\/td><\/tr><tr><td><strong>Date de mise \u00e0 jour<\/strong><\/td><td>5 avril, 2024<\/td><\/tr><tr><td><strong>Approuv\u00e9<\/strong><\/td><td>Pr\u00e9sident-directeur g\u00e9n\u00e9ral<\/td><\/tr><\/tbody><\/table><\/figure>\n<\/div>\n<\/div>\n\n\n\n<h1 class=\"wp-block-heading has-text-align-center\">CODE DE CONDUITE DES FOURNISSEURS<\/h1>\n\n\n\n<div class=\"wp-block-columns are-vertically-aligned-center is-style-columns-equal-height is-layout-flex wp-container-core-columns-is-layout-84c9ecfb wp-block-columns-is-layout-flex\" style=\"margin-top:var(--wp--preset--spacing--50);margin-bottom:var(--wp--preset--spacing--50);padding-top:var(--wp--preset--spacing--20);padding-right:var(--wp--preset--spacing--40);padding-bottom:var(--wp--preset--spacing--20);padding-left:var(--wp--preset--spacing--40)\">\n<div class=\"wp-block-column is-vertically-aligned-center is-layout-flow wp-block-column-is-layout-flow\" style=\"border-width:1px;padding-top:var(--wp--preset--spacing--30);padding-right:var(--wp--preset--spacing--60);padding-bottom:var(--wp--preset--spacing--30);padding-left:var(--wp--preset--spacing--60);flex-basis:100%\">\n<p style=\"padding-top:var(--wp--preset--spacing--20);padding-right:var(--wp--preset--spacing--70);padding-bottom:var(--wp--preset--spacing--20);padding-left:var(--wp--preset--spacing--70)\">La culture de Polycor Inc. et de chacune de ses filiales (collectivement &#8220;Polycor&#8221;) est fond\u00e9e sur nos valeurs de<br>responsabilisation, de m\u00e9rite, d&#8217;int\u00e9grit\u00e9 et de respect qui guident notre comportement \u00e0 tout moment et sont<br>essentielles \u00e0 la poursuite de notre vision d&#8217;entreprise, \u00e0 savoir b\u00e2tir le leader mondial de la pierre. Ces valeurs exigent que nous menions nos activit\u00e9s dans le respect des normes \u00e9thiques les plus strictes. Refl\u00e9tant cet engagement et nos valeurs, tous les directeurs, cadres, responsables et employ\u00e9s de Polycor sont tenus de se conformer au code de conduite de Polycor. Pour maintenir ces normes, Polycor exige de tous ses fournisseurs et de leurs sous-traitants (&#8220;Fournisseurs&#8221;) qu&#8217;ils se conforment aux exigences et promeuvent les valeurs \u00e9nonc\u00e9es dans le pr\u00e9sent code de conduite des Fournisseurs (&#8220;Code&#8221;). Les exigences du pr\u00e9sent Code compl\u00e8tent les dispositions de tout accord ou contrat conclu entre Polycor et un Fournisseur et lient juridiquement les Fournisseurs.<br><br>Si vous avez des questions concernant ce Code ou si vous souhaitez signaler une violation de ce Code, veuillez<br>contacter le service juridique de Polycor \u00e0 l&#8217;adresse <a href=\"mailto:legal@polycor.com\">legal@polycor.com<\/a>.<\/p>\n<\/div>\n<\/div>\n\n\n\n<h3 class=\"wp-block-heading\"><strong>Respect des lois, r\u00e8gles et r\u00e9glementations<\/strong><\/h3>\n\n\n\n<p>Les Fournisseurs agiront en conformit\u00e9 avec les lois, r\u00e8gles et r\u00e9glementations applicables dans les juridictions dans lesquelles ils op\u00e8rent \u00e0 tout moment.<\/p>\n\n\n\n<h3 class=\"wp-block-heading\"><strong>Sant\u00e9 et s\u00e9curit\u00e9<\/strong><\/h3>\n\n\n\n<p>Les Fournisseurs offriront \u00e0 leurs employ\u00e9s un environnement de travail s\u00fbr et sain, conform\u00e9ment \u00e0 toutes les lois et r\u00e9glementations applicables, y compris l&#8217;acc\u00e8s aux informations et aux instructions relatives aux pratiques de travail s\u00fbres et \u00e0 la pr\u00e9vention des risques.<\/p>\n\n\n\n<h3 class=\"wp-block-heading\"><strong>Lutte contre la corruption<\/strong><\/h3>\n\n\n\n<p>Les Fournisseurs ne solliciteront pas, n&#8217;accepteront pas, n&#8217;offriront pas ou ne donneront pas de pots-de-vin, de commissions occultes<br>ou de paiements de facilitation et ne s&#8217;engageront pas dans une forme quelconque de corruption, d&#8217;extorsion ou de d\u00e9tournement de fonds et ne prendront aucune mesure susceptible de violer ou d&#8217;amener Polycor \u00e0 violer les lois ou r\u00e9glementations anti-corruption. Tout h\u00e9bergement ou loisir offert par les Fournisseurs aux employ\u00e9s de Polycor doit \u00eatre modeste et peu fr\u00e9quent et tout cadeau doit \u00eatre coutumier ou li\u00e9 aux affaires et de valeur nominale.<\/p>\n\n\n\n<h3 class=\"wp-block-heading\"><strong>Aucun travail d\u2019enfants ni de travail forc\u00e9<\/strong><\/h3>\n\n\n\n<p>Polycor ne s&#8217;engage dans aucune forme de trafic d&#8217;\u00eatres humains, n&#8217;utilise pas le travail des enfants ni de travail forc\u00e9 et ne tol\u00e8re pas ces pratiques \u00e0 quelque niveau que ce soit de sa cha\u00eene d&#8217;approvisionnement. Les Fournisseurs ne doivent pas embaucher des personnes qui n&#8217;ont pas l&#8217;\u00e2ge minimum requis pour travailler par les lois locales, ni forcer quiconque \u00e0 effectuer une t\u00e2che ou \u00e0 fournir un service contre son gr\u00e9 ou sous la contrainte. Les employ\u00e9s des Fournisseurs doivent \u00eatre libres de mettre fin \u00e0 leur emploi avec un pr\u00e9avis raisonnable et ne doivent pas \u00eatre oblig\u00e9s, afin de travailler, de pr\u00e9senter leur passeport ou leur permis de travail.<\/p>\n\n\n\n<h3 class=\"wp-block-heading\"><strong>R\u00e9mun\u00e9ration et heures de travail<\/strong><\/h3>\n\n\n\n<p>Les Fournisseurs se conformeront \u00e0 toutes les exigences de la l\u00e9gislation applicable en mati\u00e8re d&#8217;emploi, y compris, sans s&#8217;y limiter, celles concernant les salaires, les heures de travail, les heures suppl\u00e9mentaires et les avantages sociaux.<\/p>\n\n\n\n<h3 class=\"wp-block-heading\"><strong>Discrimination, harc\u00e8lement et violence<\/strong><\/h3>\n\n\n\n<p>Les Fournisseurs maintiendront un lieu de travail exempt de discrimination, de harc\u00e8lement et de violence et veilleront notamment \u00e0 ce que l\u2019embauche ne soit pas fond\u00e9e sur les croyances d&#8217;une personne ou sur toute autre caract\u00e9ristique personnelle. <\/p>\n\n\n\n<h3 class=\"wp-block-heading\"><strong>N\u00e9gociations collectives<\/strong><\/h3>\n\n\n\n<p>Les Fournisseurs respecteront le droit l\u00e9gal des travailleurs \u00e0 la n\u00e9gociation collective et \u00e0 l&#8217;exercice des droits l\u00e9gaux de libre association.<\/p>\n\n\n\n<h3 class=\"wp-block-heading\"><strong>Environnement<\/strong><\/h3>\n\n\n\n<p>Les Fournisseurs se conformeront \u00e0 toutes les lois et r\u00e9glementations environnementales et signaleront aux autorit\u00e9s tout cas de non-respect de l&#8217;environnement. Les Fournisseurs doivent mener leurs activit\u00e9s de mani\u00e8re \u00e0 r\u00e9duire leur impact sur l&#8217;environnement.<\/p>\n\n\n\n<h3 class=\"wp-block-heading\"><strong>Approvisionnement responsable en min\u00e9raux<\/strong><\/h3>\n\n\n\n<p>Les Fournisseurs prendront des mesures raisonnables pour s&#8217;assurer que les produits fournis \u00e0 Polycor ne contiennent pas de minerais de conflit.<\/p>\n\n\n\n<h3 class=\"wp-block-heading\"><strong>S\u00e9curit\u00e9 de l&#8217;information<\/strong><\/h3>\n\n\n\n<p>Les Fournisseurs doivent avoir en place des politiques, proc\u00e9dures et mesures techniques appropri\u00e9es pour se conformer aux lois et r\u00e9glementations applicables en mati\u00e8re de protection de la vie priv\u00e9e, aux normes industrielles et aux exigences contractuelles, et pour prot\u00e9ger et emp\u00eacher tout acc\u00e8s non autoris\u00e9 aux donn\u00e9es ou informations personnelles ou confidentielles fournies par Polycor.<\/p>\n\n\n\n<h3 class=\"wp-block-heading\"><strong>Diligence raisonnable et rapports<\/strong><\/h3>\n\n\n\n<p>Les Fournisseurs doivent \u00eatre en mesure de prouver qu&#8217;ils ont mis en place un processus de diligence raisonnable, y compris l&#8217;\u00e9tablissement de politiques et de proc\u00e9dures, afin de garantir le respect du pr\u00e9sent Code. Les Fournisseurs se conformeront aux demandes de Polycor, de temps \u00e0 autre, de rendre compte du respect d&#8217;un ou de plusieurs \u00e9l\u00e9ments inclus dans le pr\u00e9sent Code.<\/p>\n\n\n\n<h3 class=\"wp-block-heading\"><strong>Audits<\/strong><\/h3>\n\n\n\n<p>Polycor se r\u00e9serve le droit d&#8217;auditer, directement ou par l&#8217;interm\u00e9diaire de tiers, les Fournisseurs afin de s&#8217;assurer qu&#8217;ils respectent le pr\u00e9sent Code, pouvant inclure, sans s&#8217;y limiter, des entretiens avec les employ\u00e9s, des inspections des installations et l&#8217;examen des dossiers. Polycor peut p\u00e9riodiquement demander \u00e0 un Fournisseur de lui fournir une confirmation \u00e9crite de son respect du pr\u00e9sent Code.<\/p>\n\n\n\n<p><\/p>\n\n\n\n<div class=\"wp-block-group\"><div class=\"wp-block-group__inner-container is-layout-constrained wp-block-group-is-layout-constrained\"><\/div><\/div>\n\n\n\n<div style=\"height:80px\" aria-hidden=\"true\" class=\"wp-block-spacer\"><\/div>\n\n\n\n<div style=\"height:25px\" aria-hidden=\"true\" class=\"wp-block-spacer\"><\/div>\n\n\n\n<div class=\"internal-search-metadata\"><p>terms-of-use, page<\/p><\/div>\n","protected":false},"excerpt":{"rendered":"<p>Polycor Inc. Date d\u2019\u00e9mission 5 avril, 2024 Date de mise \u00e0 jour 5 avril, 2024 Approuv\u00e9 Pr\u00e9sident-directeur g\u00e9n\u00e9ral CODE DE CONDUITE DES FOURNISSEURS La culture de Polycor Inc. et de chacune de ses filiales (collectivement &#8220;Polycor&#8221;) est fond\u00e9e sur nos valeurs deresponsabilisation, de m\u00e9rite, d&#8217;int\u00e9grit\u00e9 et de respect qui guident notre comportement \u00e0 tout moment&#8230;<\/p>\n","protected":false},"author":31,"featured_media":0,"parent":0,"menu_order":0,"comment_status":"closed","ping_status":"closed","template":"","meta":{"_acf_changed":false,"content-type":"","_kad_blocks_custom_css":"","_kad_blocks_head_custom_js":"","_kad_blocks_body_custom_js":"","_kad_blocks_footer_custom_js":"","_kad_post_transparent":"","_kad_post_title":"","_kad_post_layout":"","_kad_post_sidebar_id":"","_kad_post_content_style":"","_kad_post_vertical_padding":"","_kad_post_feature":"","_kad_post_feature_position":"","_kad_post_header":false,"_kad_post_footer":false,"_kad_post_classname":"","footnotes":""},"materials":[],"project-tags":[],"resource_type":[],"sites":[],"stone_tags":[],"product-tax":[],"application-tax":[],"class_list":["post-65575","page","type-page","status-publish","hentry"],"acf":[],"yoast_head":"<!-- This site is optimized with the Yoast SEO Premium plugin v27.2 (Yoast SEO v27.2) - https:\/\/yoast.com\/product\/yoast-seo-premium-wordpress\/ -->\n<title>Code de Conduite des Fournisseurs - Polycor Inc.<\/title>\n<meta name=\"robots\" content=\"index, follow, max-snippet:-1, max-image-preview:large, max-video-preview:-1\" \/>\n<link rel=\"canonical\" href=\"https:\/\/www.polycor.com\/fr-ca\/code-de-conduite-des-fournisseurs\/\" \/>\n<meta property=\"og:locale\" content=\"fr_CA\" \/>\n<meta property=\"og:type\" content=\"article\" \/>\n<meta property=\"og:title\" content=\"Code de Conduite des Fournisseurs\" \/>\n<meta property=\"og:description\" content=\"Polycor Inc. Date d\u2019\u00e9mission 5 avril, 2024 Date de mise \u00e0 jour 5 avril, 2024 Approuv\u00e9 Pr\u00e9sident-directeur g\u00e9n\u00e9ral CODE DE CONDUITE DES FOURNISSEURS La culture de Polycor Inc. et de chacune de ses filiales (collectivement &#8220;Polycor&#8221;) est fond\u00e9e sur nos valeurs deresponsabilisation, de m\u00e9rite, d&#8217;int\u00e9grit\u00e9 et de respect qui guident notre comportement \u00e0 tout moment...\" \/>\n<meta property=\"og:url\" content=\"https:\/\/www.polycor.com\/fr-ca\/code-de-conduite-des-fournisseurs\/\" \/>\n<meta property=\"og:site_name\" content=\"Polycor Inc.\" \/>\n<meta property=\"article:modified_time\" content=\"2024-05-31T16:13:41+00:00\" \/>\n<meta property=\"og:image\" content=\"https:\/\/www.polycor.com\/wp-content\/uploads\/2024\/05\/image.png\" \/>\n<meta name=\"twitter:card\" content=\"summary_large_image\" \/>\n<meta name=\"twitter:label1\" content=\"Estimation du temps de lecture\" \/>\n\t<meta name=\"twitter:data1\" content=\"4 minutes\" \/>\n<script type=\"application\/ld+json\" class=\"yoast-schema-graph\">{\"@context\":\"https:\/\/schema.org\",\"@graph\":[{\"@type\":\"WebPage\",\"@id\":\"https:\/\/www.polycor.com\/fr-ca\/code-de-conduite-des-fournisseurs\/\",\"url\":\"https:\/\/www.polycor.com\/fr-ca\/code-de-conduite-des-fournisseurs\/\",\"name\":\"Code de Conduite des Fournisseurs - Polycor Inc.\",\"isPartOf\":{\"@id\":\"https:\/\/www.polycor.com\/fr-ca\/#website\"},\"primaryImageOfPage\":{\"@id\":\"https:\/\/www.polycor.com\/fr-ca\/code-de-conduite-des-fournisseurs\/#primaryimage\"},\"image\":{\"@id\":\"https:\/\/www.polycor.com\/fr-ca\/code-de-conduite-des-fournisseurs\/#primaryimage\"},\"thumbnailUrl\":\"https:\/\/www.polycor.com\/wp-content\/uploads\/2024\/05\/image.png\",\"datePublished\":\"2024-05-31T16:13:36+00:00\",\"dateModified\":\"2024-05-31T16:13:41+00:00\",\"breadcrumb\":{\"@id\":\"https:\/\/www.polycor.com\/fr-ca\/code-de-conduite-des-fournisseurs\/#breadcrumb\"},\"inLanguage\":\"fr-CA\",\"potentialAction\":[{\"@type\":\"ReadAction\",\"target\":[\"https:\/\/www.polycor.com\/fr-ca\/code-de-conduite-des-fournisseurs\/\"]}]},{\"@type\":\"ImageObject\",\"inLanguage\":\"fr-CA\",\"@id\":\"https:\/\/www.polycor.com\/fr-ca\/code-de-conduite-des-fournisseurs\/#primaryimage\",\"url\":\"https:\/\/www.polycor.com\/wp-content\/uploads\/2024\/05\/image.png\",\"contentUrl\":\"https:\/\/www.polycor.com\/wp-content\/uploads\/2024\/05\/image.png\"},{\"@type\":\"BreadcrumbList\",\"@id\":\"https:\/\/www.polycor.com\/fr-ca\/code-de-conduite-des-fournisseurs\/#breadcrumb\",\"itemListElement\":[{\"@type\":\"ListItem\",\"position\":1,\"name\":\"Home\",\"item\":\"https:\/\/www.polycor.com\/fr-ca\/\"},{\"@type\":\"ListItem\",\"position\":2,\"name\":\"Code de Conduite des Fournisseurs\"}]},{\"@type\":\"WebSite\",\"@id\":\"https:\/\/www.polycor.com\/fr-ca\/#website\",\"url\":\"https:\/\/www.polycor.com\/fr-ca\/\",\"name\":\"Polycor Inc.\",\"description\":\"The Largest Portfolio of Natural Stone in North America\",\"publisher\":{\"@id\":\"https:\/\/www.polycor.com\/fr-ca\/#organization\"},\"potentialAction\":[{\"@type\":\"SearchAction\",\"target\":{\"@type\":\"EntryPoint\",\"urlTemplate\":\"https:\/\/www.polycor.com\/fr-ca\/?s={search_term_string}\"},\"query-input\":{\"@type\":\"PropertyValueSpecification\",\"valueRequired\":true,\"valueName\":\"search_term_string\"}}],\"inLanguage\":\"fr-CA\"},{\"@type\":\"Organization\",\"@id\":\"https:\/\/www.polycor.com\/fr-ca\/#organization\",\"name\":\"Polycor Inc.\",\"url\":\"https:\/\/www.polycor.com\/fr-ca\/\",\"logo\":{\"@type\":\"ImageObject\",\"inLanguage\":\"fr-CA\",\"@id\":\"https:\/\/www.polycor.com\/fr-ca\/#\/schema\/logo\/image\/\",\"url\":\"https:\/\/www.polycor.com\/wp-content\/uploads\/2023\/05\/pol-logo-fr.svg\",\"contentUrl\":\"https:\/\/www.polycor.com\/wp-content\/uploads\/2023\/05\/pol-logo-fr.svg\",\"width\":758,\"height\":148,\"caption\":\"Polycor Inc.\"},\"image\":{\"@id\":\"https:\/\/www.polycor.com\/fr-ca\/#\/schema\/logo\/image\/\"}}]}<\/script>\n<!-- \/ Yoast SEO Premium plugin. -->","yoast_head_json":{"title":"Code de Conduite des Fournisseurs - Polycor Inc.","robots":{"index":"index","follow":"follow","max-snippet":"max-snippet:-1","max-image-preview":"max-image-preview:large","max-video-preview":"max-video-preview:-1"},"canonical":"https:\/\/www.polycor.com\/fr-ca\/code-de-conduite-des-fournisseurs\/","og_locale":"fr_CA","og_type":"article","og_title":"Code de Conduite des Fournisseurs","og_description":"Polycor Inc. Date d\u2019\u00e9mission 5 avril, 2024 Date de mise \u00e0 jour 5 avril, 2024 Approuv\u00e9 Pr\u00e9sident-directeur g\u00e9n\u00e9ral CODE DE CONDUITE DES FOURNISSEURS La culture de Polycor Inc. et de chacune de ses filiales (collectivement &#8220;Polycor&#8221;) est fond\u00e9e sur nos valeurs deresponsabilisation, de m\u00e9rite, d&#8217;int\u00e9grit\u00e9 et de respect qui guident notre comportement \u00e0 tout moment...","og_url":"https:\/\/www.polycor.com\/fr-ca\/code-de-conduite-des-fournisseurs\/","og_site_name":"Polycor Inc.","article_modified_time":"2024-05-31T16:13:41+00:00","og_image":[{"url":"https:\/\/www.polycor.com\/wp-content\/uploads\/2024\/05\/image.png","type":"","width":"","height":""}],"twitter_card":"summary_large_image","twitter_misc":{"Estimation du temps de lecture":"4 minutes"},"schema":{"@context":"https:\/\/schema.org","@graph":[{"@type":"WebPage","@id":"https:\/\/www.polycor.com\/fr-ca\/code-de-conduite-des-fournisseurs\/","url":"https:\/\/www.polycor.com\/fr-ca\/code-de-conduite-des-fournisseurs\/","name":"Code de Conduite des Fournisseurs - Polycor Inc.","isPartOf":{"@id":"https:\/\/www.polycor.com\/fr-ca\/#website"},"primaryImageOfPage":{"@id":"https:\/\/www.polycor.com\/fr-ca\/code-de-conduite-des-fournisseurs\/#primaryimage"},"image":{"@id":"https:\/\/www.polycor.com\/fr-ca\/code-de-conduite-des-fournisseurs\/#primaryimage"},"thumbnailUrl":"https:\/\/www.polycor.com\/wp-content\/uploads\/2024\/05\/image.png","datePublished":"2024-05-31T16:13:36+00:00","dateModified":"2024-05-31T16:13:41+00:00","breadcrumb":{"@id":"https:\/\/www.polycor.com\/fr-ca\/code-de-conduite-des-fournisseurs\/#breadcrumb"},"inLanguage":"fr-CA","potentialAction":[{"@type":"ReadAction","target":["https:\/\/www.polycor.com\/fr-ca\/code-de-conduite-des-fournisseurs\/"]}]},{"@type":"ImageObject","inLanguage":"fr-CA","@id":"https:\/\/www.polycor.com\/fr-ca\/code-de-conduite-des-fournisseurs\/#primaryimage","url":"https:\/\/www.polycor.com\/wp-content\/uploads\/2024\/05\/image.png","contentUrl":"https:\/\/www.polycor.com\/wp-content\/uploads\/2024\/05\/image.png"},{"@type":"BreadcrumbList","@id":"https:\/\/www.polycor.com\/fr-ca\/code-de-conduite-des-fournisseurs\/#breadcrumb","itemListElement":[{"@type":"ListItem","position":1,"name":"Home","item":"https:\/\/www.polycor.com\/fr-ca\/"},{"@type":"ListItem","position":2,"name":"Code de Conduite des Fournisseurs"}]},{"@type":"WebSite","@id":"https:\/\/www.polycor.com\/fr-ca\/#website","url":"https:\/\/www.polycor.com\/fr-ca\/","name":"Polycor Inc.","description":"The Largest Portfolio of Natural Stone in North America","publisher":{"@id":"https:\/\/www.polycor.com\/fr-ca\/#organization"},"potentialAction":[{"@type":"SearchAction","target":{"@type":"EntryPoint","urlTemplate":"https:\/\/www.polycor.com\/fr-ca\/?s={search_term_string}"},"query-input":{"@type":"PropertyValueSpecification","valueRequired":true,"valueName":"search_term_string"}}],"inLanguage":"fr-CA"},{"@type":"Organization","@id":"https:\/\/www.polycor.com\/fr-ca\/#organization","name":"Polycor Inc.","url":"https:\/\/www.polycor.com\/fr-ca\/","logo":{"@type":"ImageObject","inLanguage":"fr-CA","@id":"https:\/\/www.polycor.com\/fr-ca\/#\/schema\/logo\/image\/","url":"https:\/\/www.polycor.com\/wp-content\/uploads\/2023\/05\/pol-logo-fr.svg","contentUrl":"https:\/\/www.polycor.com\/wp-content\/uploads\/2023\/05\/pol-logo-fr.svg","width":758,"height":148,"caption":"Polycor Inc."},"image":{"@id":"https:\/\/www.polycor.com\/fr-ca\/#\/schema\/logo\/image\/"}}]}},"taxonomy_info":[],"featured_image_src_large":false,"author_info":{"display_name":"Chaity Tarafder","author_link":"https:\/\/www.polycor.com\/fr-ca\/blog\/author\/ctarafder\/"},"comment_info":0,"_links":{"self":[{"href":"https:\/\/www.polycor.com\/fr-ca\/wp-json\/wp\/v2\/pages\/65575","targetHints":{"allow":["GET"]}}],"collection":[{"href":"https:\/\/www.polycor.com\/fr-ca\/wp-json\/wp\/v2\/pages"}],"about":[{"href":"https:\/\/www.polycor.com\/fr-ca\/wp-json\/wp\/v2\/types\/page"}],"author":[{"embeddable":true,"href":"https:\/\/www.polycor.com\/fr-ca\/wp-json\/wp\/v2\/users\/31"}],"replies":[{"embeddable":true,"href":"https:\/\/www.polycor.com\/fr-ca\/wp-json\/wp\/v2\/comments?post=65575"}],"version-history":[{"count":5,"href":"https:\/\/www.polycor.com\/fr-ca\/wp-json\/wp\/v2\/pages\/65575\/revisions"}],"predecessor-version":[{"id":65605,"href":"https:\/\/www.polycor.com\/fr-ca\/wp-json\/wp\/v2\/pages\/65575\/revisions\/65605"}],"wp:attachment":[{"href":"https:\/\/www.polycor.com\/fr-ca\/wp-json\/wp\/v2\/media?parent=65575"}],"wp:term":[{"taxonomy":"materials","embeddable":true,"href":"https:\/\/www.polycor.com\/fr-ca\/wp-json\/wp\/v2\/materials?post=65575"},{"taxonomy":"project-tags","embeddable":true,"href":"https:\/\/www.polycor.com\/fr-ca\/wp-json\/wp\/v2\/project-tags?post=65575"},{"taxonomy":"resource_type","embeddable":true,"href":"https:\/\/www.polycor.com\/fr-ca\/wp-json\/wp\/v2\/resource_type?post=65575"},{"taxonomy":"sites","embeddable":true,"href":"https:\/\/www.polycor.com\/fr-ca\/wp-json\/wp\/v2\/sites?post=65575"},{"taxonomy":"stone_tags","embeddable":true,"href":"https:\/\/www.polycor.com\/fr-ca\/wp-json\/wp\/v2\/stone_tags?post=65575"},{"taxonomy":"product-tax","embeddable":true,"href":"https:\/\/www.polycor.com\/fr-ca\/wp-json\/wp\/v2\/product-tax?post=65575"},{"taxonomy":"application-tax","embeddable":true,"href":"https:\/\/www.polycor.com\/fr-ca\/wp-json\/wp\/v2\/application-tax?post=65575"}],"curies":[{"name":"wp","href":"https:\/\/api.w.org\/{rel}","templated":true}]}}