{"id":80870,"date":"2023-09-11T18:15:33","date_gmt":"2023-09-11T22:15:33","guid":{"rendered":"https:\/\/www.polycor.com\/amenagement-paysager-et-maconnerie\/resources\/project-visualizer\/"},"modified":"2025-08-15T19:38:22","modified_gmt":"2025-08-15T23:38:22","slug":"visualiseur-de-projets","status":"publish","type":"page","link":"https:\/\/www.polycor.com\/fr-ca\/amenagement-paysager-et-maconnerie\/resources\/visualiseur-de-projets\/","title":{"rendered":"Visualiseur de projets"},"content":{"rendered":"\n<div class=\"wp-block-cover alignfull\"><span aria-hidden=\"true\" class=\"wp-block-cover__background has-background-dim-100 has-background-dim has-background-gradient has-black-max-30-opacity-gradient-background\" style=\"background-color:#7b6041\"><\/span><img loading=\"lazy\" decoding=\"async\" width=\"1274\" height=\"1650\" src=\"https:\/\/www.polycor.com\/wp-content\/uploads\/2023\/09\/design-tools-header-image.jpg\" class=\"wp-block-cover__image-background wp-post-image\" alt=\"\" data-object-fit=\"cover\" data-object-position=\"50% 70%\" style=\"object-position:50% 70%;\" srcset=\"https:\/\/www.polycor.com\/wp-content\/uploads\/2023\/09\/design-tools-header-image.jpg 1274w, https:\/\/www.polycor.com\/wp-content\/uploads\/2023\/09\/design-tools-header-image-232x300.jpg 232w, https:\/\/www.polycor.com\/wp-content\/uploads\/2023\/09\/design-tools-header-image-791x1024.jpg 791w, https:\/\/www.polycor.com\/wp-content\/uploads\/2023\/09\/design-tools-header-image-768x995.jpg 768w, https:\/\/www.polycor.com\/wp-content\/uploads\/2023\/09\/design-tools-header-image-1186x1536.jpg 1186w, https:\/\/www.polycor.com\/wp-content\/uploads\/2023\/09\/design-tools-header-image-386x500.jpg 386w\" sizes=\"auto, (max-width: 1274px) 100vw, 1274px\" \/><div class=\"wp-block-cover__inner-container is-layout-constrained wp-block-cover-is-layout-constrained\">\n<h3 class=\"wp-block-heading has-text-align-center\">Visualisez vos concepts de design n\u2019a jamais \u00e9t\u00e9 aussi simple.<\/h3>\n\n\n\n<h1 class=\"wp-block-heading has-text-align-center\">Notre outil de visualisation allie une fonctionnalit\u00e9 facile \u00e0 utiliser \u00e0 des r\u00e9sultats remarquables.<\/h1>\n\n\n\n<hr class=\"wp-block-separator has-alpha-channel-opacity is-style-yellow-line-horizontal\"\/>\n<\/div><\/div>\n\n\n\n<div style=\"height:100px\" aria-hidden=\"true\" class=\"wp-block-spacer\"><\/div>\n\n\n\n<h2 class=\"wp-block-heading has-text-align-center\" style=\"text-transform:none\">Visualiseur de projets<\/h2>\n\n\n\n<hr class=\"wp-block-separator has-alpha-channel-opacity is-style-yellow-line-horizontal\"\/>\n\n\n\n<div style=\"height:25px\" aria-hidden=\"true\" class=\"wp-block-spacer\"><\/div>\n\n\n\n<div class=\"wp-block-columns are-vertically-aligned-center is-layout-flex wp-container-core-columns-is-layout-9d6595d7 wp-block-columns-is-layout-flex\">\n<div class=\"wp-block-column is-vertically-aligned-center is-layout-flow wp-block-column-is-layout-flow\">\n<div class=\"wp-block-group is-style-yellow-line-vertical--left\"><div class=\"wp-block-group__inner-container is-layout-constrained wp-block-group-is-layout-constrained\">\n<h3 class=\"wp-block-heading has-text-align-left\">Votre espace. Votre vision<\/h3>\n\n\n\n<p class=\"has-text-align-left has-medium-font-size\">Importez une photo de votre maison ou s\u00e9lectionnez un projet mod\u00e8le dans notre galerie. Voyez votre design prendre vie en appliquant diff\u00e9rents mat\u00e9riaux de pierre.<\/p>\n<\/div><\/div>\n\n\n\n<div style=\"height:25px\" aria-hidden=\"true\" class=\"wp-block-spacer\"><\/div>\n\n\n\n<div class=\"wp-block-group is-style-yellow-line-vertical--left\"><div class=\"wp-block-group__inner-container is-layout-constrained wp-block-group-is-layout-constrained\">\n<h3 class=\"wp-block-heading has-text-align-left\">Enregistrez votre progression<\/h3>\n\n\n\n<p class=\"has-text-align-left has-medium-font-size\">Cr\u00e9ez un compte pour enregistrer votre progression et la reprendre \u00e0 tout moment.<\/p>\n\n\n\n<p class=\"has-text-align-left has-medium-font-size\"><\/p>\n<\/div><\/div>\n<\/div>\n\n\n\n<div class=\"wp-block-column is-vertically-aligned-center is-layout-flow wp-block-column-is-layout-flow\">\n<figure class=\"wp-block-image size-full\"><img loading=\"lazy\" decoding=\"async\" width=\"736\" height=\"736\" src=\"https:\/\/www.polycor.com\/wp-content\/uploads\/2023\/10\/Visualizer-Tool.gif\" alt=\"\" class=\"wp-image-58773\"\/><\/figure>\n<\/div>\n<\/div>\n\n\n\n<div style=\"height:50px\" aria-hidden=\"true\" class=\"wp-block-spacer\"><\/div>\n\n\n\n<div class=\"wp-block-buttons is-content-justification-center is-layout-flex wp-container-core-buttons-is-layout-16018d1d wp-block-buttons-is-layout-flex\">\n<div class=\"wp-block-button\"><a class=\"wp-block-button__link wp-element-button\" href=\"https:\/\/polycor.renoworks.com\/\" target=\"_blank\" rel=\"noreferrer noopener\">Lancez le visualiseur<\/a><\/div>\n<\/div>\n\n\n\n<div style=\"height:50px\" aria-hidden=\"true\" class=\"wp-block-spacer\"><\/div>\n\n\n\n<div class=\"internal-search-metadata\"><p>project-visualizer, page<\/p><\/div>\n\n\n\n<p><\/p>\n","protected":false},"excerpt":{"rendered":"<p>Visualiseur de projets Votre espace. Votre vision Importez une photo de votre maison ou s\u00e9lectionnez un projet mod\u00e8le dans notre galerie. Voyez votre design prendre vie en appliquant diff\u00e9rents mat\u00e9riaux de pierre. Enregistrez votre progression Cr\u00e9ez un compte pour enregistrer votre progression et la reprendre \u00e0 tout moment. project-visualizer, page<\/p>\n","protected":false},"author":3,"featured_media":57374,"parent":38873,"menu_order":0,"comment_status":"closed","ping_status":"closed","template":"","meta":{"_acf_changed":false,"content-type":"","_kad_blocks_custom_css":"","_kad_blocks_head_custom_js":"","_kad_blocks_body_custom_js":"","_kad_blocks_footer_custom_js":"","_kad_post_transparent":"","_kad_post_title":"","_kad_post_layout":"","_kad_post_sidebar_id":"","_kad_post_content_style":"","_kad_post_vertical_padding":"","_kad_post_feature":"","_kad_post_feature_position":"","_kad_post_header":false,"_kad_post_footer":false,"_kad_post_classname":"","footnotes":""},"materials":[],"project-tags":[],"resource_type":[],"sites":[],"stone_tags":[],"product-tax":[],"application-tax":[],"class_list":["post-80870","page","type-page","status-publish","has-post-thumbnail","hentry"],"acf":[],"yoast_head":"<!-- This site is optimized with the Yoast SEO Premium plugin v27.2 (Yoast SEO v27.2) - https:\/\/yoast.com\/product\/yoast-seo-premium-wordpress\/ -->\n<title>Visualiseur de projets - Polycor Inc.<\/title>\n<meta name=\"robots\" content=\"index, follow, max-snippet:-1, max-image-preview:large, max-video-preview:-1\" \/>\n<link rel=\"canonical\" href=\"https:\/\/www.polycor.com\/fr-ca\/amenagement-paysager-et-maconnerie\/resources\/visualiseur-de-projets\/\" \/>\n<meta property=\"og:locale\" content=\"fr_CA\" \/>\n<meta property=\"og:type\" content=\"article\" \/>\n<meta property=\"og:title\" content=\"Visualiseur de projets\" \/>\n<meta property=\"og:description\" content=\"Visualiseur de projets Votre espace. Votre vision Importez une photo de votre maison ou s\u00e9lectionnez un projet mod\u00e8le dans notre galerie. Voyez votre design prendre vie en appliquant diff\u00e9rents mat\u00e9riaux de pierre. Enregistrez votre progression Cr\u00e9ez un compte pour enregistrer votre progression et la reprendre \u00e0 tout moment. project-visualizer, page\" \/>\n<meta property=\"og:url\" content=\"https:\/\/www.polycor.com\/fr-ca\/amenagement-paysager-et-maconnerie\/resources\/visualiseur-de-projets\/\" \/>\n<meta property=\"og:site_name\" content=\"Polycor Inc.\" \/>\n<meta property=\"article:modified_time\" content=\"2025-08-15T23:38:22+00:00\" \/>\n<meta property=\"og:image\" content=\"https:\/\/www.polycor.com\/wp-content\/uploads\/2023\/09\/design-tools-header-image.jpg\" \/>\n\t<meta property=\"og:image:width\" content=\"1274\" \/>\n\t<meta property=\"og:image:height\" content=\"1650\" \/>\n\t<meta property=\"og:image:type\" content=\"image\/jpeg\" \/>\n<meta name=\"twitter:card\" content=\"summary_large_image\" \/>\n<meta name=\"twitter:label1\" content=\"Estimation du temps de lecture\" \/>\n\t<meta name=\"twitter:data1\" content=\"1 minute\" \/>\n<script type=\"application\/ld+json\" class=\"yoast-schema-graph\">{\"@context\":\"https:\/\/schema.org\",\"@graph\":[{\"@type\":\"WebPage\",\"@id\":\"https:\/\/www.polycor.com\/fr-ca\/amenagement-paysager-et-maconnerie\/resources\/visualiseur-de-projets\/\",\"url\":\"https:\/\/www.polycor.com\/fr-ca\/amenagement-paysager-et-maconnerie\/resources\/visualiseur-de-projets\/\",\"name\":\"Visualiseur de projets - Polycor Inc.\",\"isPartOf\":{\"@id\":\"https:\/\/www.polycor.com\/fr-ca\/#website\"},\"primaryImageOfPage\":{\"@id\":\"https:\/\/www.polycor.com\/fr-ca\/amenagement-paysager-et-maconnerie\/resources\/visualiseur-de-projets\/#primaryimage\"},\"image\":{\"@id\":\"https:\/\/www.polycor.com\/fr-ca\/amenagement-paysager-et-maconnerie\/resources\/visualiseur-de-projets\/#primaryimage\"},\"thumbnailUrl\":\"https:\/\/www.polycor.com\/wp-content\/uploads\/2023\/09\/design-tools-header-image.jpg\",\"datePublished\":\"2023-09-11T22:15:33+00:00\",\"dateModified\":\"2025-08-15T23:38:22+00:00\",\"breadcrumb\":{\"@id\":\"https:\/\/www.polycor.com\/fr-ca\/amenagement-paysager-et-maconnerie\/resources\/visualiseur-de-projets\/#breadcrumb\"},\"inLanguage\":\"fr-CA\",\"potentialAction\":[{\"@type\":\"ReadAction\",\"target\":[\"https:\/\/www.polycor.com\/fr-ca\/amenagement-paysager-et-maconnerie\/resources\/visualiseur-de-projets\/\"]}]},{\"@type\":\"ImageObject\",\"inLanguage\":\"fr-CA\",\"@id\":\"https:\/\/www.polycor.com\/fr-ca\/amenagement-paysager-et-maconnerie\/resources\/visualiseur-de-projets\/#primaryimage\",\"url\":\"https:\/\/www.polycor.com\/wp-content\/uploads\/2023\/09\/design-tools-header-image.jpg\",\"contentUrl\":\"https:\/\/www.polycor.com\/wp-content\/uploads\/2023\/09\/design-tools-header-image.jpg\",\"width\":1274,\"height\":1650},{\"@type\":\"BreadcrumbList\",\"@id\":\"https:\/\/www.polycor.com\/fr-ca\/amenagement-paysager-et-maconnerie\/resources\/visualiseur-de-projets\/#breadcrumb\",\"itemListElement\":[{\"@type\":\"ListItem\",\"position\":1,\"name\":\"Home\",\"item\":\"https:\/\/www.polycor.com\/fr-ca\/\"},{\"@type\":\"ListItem\",\"position\":2,\"name\":\"Am\u00e9nagements ext\u00e9rieurs &#038; ma\u00e7onnerie\",\"item\":\"https:\/\/www.polycor.com\/fr-ca\/amenagement-paysager-et-maconnerie\/\"},{\"@type\":\"ListItem\",\"position\":3,\"name\":\"Ressources &#8211; Am\u00e9nagement paysager et ma\u00e7onnerie\",\"item\":\"https:\/\/www.polycor.com\/fr-ca\/amenagement-paysager-et-maconnerie\/resources\/\"},{\"@type\":\"ListItem\",\"position\":4,\"name\":\"Visualiseur de projets\"}]},{\"@type\":\"WebSite\",\"@id\":\"https:\/\/www.polycor.com\/fr-ca\/#website\",\"url\":\"https:\/\/www.polycor.com\/fr-ca\/\",\"name\":\"Polycor Inc.\",\"description\":\"The Largest Portfolio of Natural Stone in North America\",\"publisher\":{\"@id\":\"https:\/\/www.polycor.com\/fr-ca\/#organization\"},\"potentialAction\":[{\"@type\":\"SearchAction\",\"target\":{\"@type\":\"EntryPoint\",\"urlTemplate\":\"https:\/\/www.polycor.com\/fr-ca\/?s={search_term_string}\"},\"query-input\":{\"@type\":\"PropertyValueSpecification\",\"valueRequired\":true,\"valueName\":\"search_term_string\"}}],\"inLanguage\":\"fr-CA\"},{\"@type\":\"Organization\",\"@id\":\"https:\/\/www.polycor.com\/fr-ca\/#organization\",\"name\":\"Polycor Inc.\",\"url\":\"https:\/\/www.polycor.com\/fr-ca\/\",\"logo\":{\"@type\":\"ImageObject\",\"inLanguage\":\"fr-CA\",\"@id\":\"https:\/\/www.polycor.com\/fr-ca\/#\/schema\/logo\/image\/\",\"url\":\"https:\/\/www.polycor.com\/wp-content\/uploads\/2023\/05\/pol-logo-fr.svg\",\"contentUrl\":\"https:\/\/www.polycor.com\/wp-content\/uploads\/2023\/05\/pol-logo-fr.svg\",\"width\":758,\"height\":148,\"caption\":\"Polycor Inc.\"},\"image\":{\"@id\":\"https:\/\/www.polycor.com\/fr-ca\/#\/schema\/logo\/image\/\"}}]}<\/script>\n<!-- \/ Yoast SEO Premium plugin. -->","yoast_head_json":{"title":"Visualiseur de projets - Polycor Inc.","robots":{"index":"index","follow":"follow","max-snippet":"max-snippet:-1","max-image-preview":"max-image-preview:large","max-video-preview":"max-video-preview:-1"},"canonical":"https:\/\/www.polycor.com\/fr-ca\/amenagement-paysager-et-maconnerie\/resources\/visualiseur-de-projets\/","og_locale":"fr_CA","og_type":"article","og_title":"Visualiseur de projets","og_description":"Visualiseur de projets Votre espace. Votre vision Importez une photo de votre maison ou s\u00e9lectionnez un projet mod\u00e8le dans notre galerie. Voyez votre design prendre vie en appliquant diff\u00e9rents mat\u00e9riaux de pierre. Enregistrez votre progression Cr\u00e9ez un compte pour enregistrer votre progression et la reprendre \u00e0 tout moment. project-visualizer, page","og_url":"https:\/\/www.polycor.com\/fr-ca\/amenagement-paysager-et-maconnerie\/resources\/visualiseur-de-projets\/","og_site_name":"Polycor Inc.","article_modified_time":"2025-08-15T23:38:22+00:00","og_image":[{"width":1274,"height":1650,"url":"https:\/\/www.polycor.com\/wp-content\/uploads\/2023\/09\/design-tools-header-image.jpg","type":"image\/jpeg"}],"twitter_card":"summary_large_image","twitter_misc":{"Estimation du temps de lecture":"1 minute"},"schema":{"@context":"https:\/\/schema.org","@graph":[{"@type":"WebPage","@id":"https:\/\/www.polycor.com\/fr-ca\/amenagement-paysager-et-maconnerie\/resources\/visualiseur-de-projets\/","url":"https:\/\/www.polycor.com\/fr-ca\/amenagement-paysager-et-maconnerie\/resources\/visualiseur-de-projets\/","name":"Visualiseur de projets - Polycor Inc.","isPartOf":{"@id":"https:\/\/www.polycor.com\/fr-ca\/#website"},"primaryImageOfPage":{"@id":"https:\/\/www.polycor.com\/fr-ca\/amenagement-paysager-et-maconnerie\/resources\/visualiseur-de-projets\/#primaryimage"},"image":{"@id":"https:\/\/www.polycor.com\/fr-ca\/amenagement-paysager-et-maconnerie\/resources\/visualiseur-de-projets\/#primaryimage"},"thumbnailUrl":"https:\/\/www.polycor.com\/wp-content\/uploads\/2023\/09\/design-tools-header-image.jpg","datePublished":"2023-09-11T22:15:33+00:00","dateModified":"2025-08-15T23:38:22+00:00","breadcrumb":{"@id":"https:\/\/www.polycor.com\/fr-ca\/amenagement-paysager-et-maconnerie\/resources\/visualiseur-de-projets\/#breadcrumb"},"inLanguage":"fr-CA","potentialAction":[{"@type":"ReadAction","target":["https:\/\/www.polycor.com\/fr-ca\/amenagement-paysager-et-maconnerie\/resources\/visualiseur-de-projets\/"]}]},{"@type":"ImageObject","inLanguage":"fr-CA","@id":"https:\/\/www.polycor.com\/fr-ca\/amenagement-paysager-et-maconnerie\/resources\/visualiseur-de-projets\/#primaryimage","url":"https:\/\/www.polycor.com\/wp-content\/uploads\/2023\/09\/design-tools-header-image.jpg","contentUrl":"https:\/\/www.polycor.com\/wp-content\/uploads\/2023\/09\/design-tools-header-image.jpg","width":1274,"height":1650},{"@type":"BreadcrumbList","@id":"https:\/\/www.polycor.com\/fr-ca\/amenagement-paysager-et-maconnerie\/resources\/visualiseur-de-projets\/#breadcrumb","itemListElement":[{"@type":"ListItem","position":1,"name":"Home","item":"https:\/\/www.polycor.com\/fr-ca\/"},{"@type":"ListItem","position":2,"name":"Am\u00e9nagements ext\u00e9rieurs &#038; ma\u00e7onnerie","item":"https:\/\/www.polycor.com\/fr-ca\/amenagement-paysager-et-maconnerie\/"},{"@type":"ListItem","position":3,"name":"Ressources &#8211; Am\u00e9nagement paysager et ma\u00e7onnerie","item":"https:\/\/www.polycor.com\/fr-ca\/amenagement-paysager-et-maconnerie\/resources\/"},{"@type":"ListItem","position":4,"name":"Visualiseur de projets"}]},{"@type":"WebSite","@id":"https:\/\/www.polycor.com\/fr-ca\/#website","url":"https:\/\/www.polycor.com\/fr-ca\/","name":"Polycor Inc.","description":"The Largest Portfolio of Natural Stone in North America","publisher":{"@id":"https:\/\/www.polycor.com\/fr-ca\/#organization"},"potentialAction":[{"@type":"SearchAction","target":{"@type":"EntryPoint","urlTemplate":"https:\/\/www.polycor.com\/fr-ca\/?s={search_term_string}"},"query-input":{"@type":"PropertyValueSpecification","valueRequired":true,"valueName":"search_term_string"}}],"inLanguage":"fr-CA"},{"@type":"Organization","@id":"https:\/\/www.polycor.com\/fr-ca\/#organization","name":"Polycor Inc.","url":"https:\/\/www.polycor.com\/fr-ca\/","logo":{"@type":"ImageObject","inLanguage":"fr-CA","@id":"https:\/\/www.polycor.com\/fr-ca\/#\/schema\/logo\/image\/","url":"https:\/\/www.polycor.com\/wp-content\/uploads\/2023\/05\/pol-logo-fr.svg","contentUrl":"https:\/\/www.polycor.com\/wp-content\/uploads\/2023\/05\/pol-logo-fr.svg","width":758,"height":148,"caption":"Polycor Inc."},"image":{"@id":"https:\/\/www.polycor.com\/fr-ca\/#\/schema\/logo\/image\/"}}]}},"taxonomy_info":[],"featured_image_src_large":["https:\/\/www.polycor.com\/wp-content\/uploads\/2023\/09\/design-tools-header-image-791x1024.jpg",791,1024,true],"author_info":{"display_name":"Jim","author_link":"https:\/\/www.polycor.com\/fr-ca\/blog\/author\/jimt\/"},"comment_info":0,"_links":{"self":[{"href":"https:\/\/www.polycor.com\/fr-ca\/wp-json\/wp\/v2\/pages\/80870","targetHints":{"allow":["GET"]}}],"collection":[{"href":"https:\/\/www.polycor.com\/fr-ca\/wp-json\/wp\/v2\/pages"}],"about":[{"href":"https:\/\/www.polycor.com\/fr-ca\/wp-json\/wp\/v2\/types\/page"}],"author":[{"embeddable":true,"href":"https:\/\/www.polycor.com\/fr-ca\/wp-json\/wp\/v2\/users\/3"}],"replies":[{"embeddable":true,"href":"https:\/\/www.polycor.com\/fr-ca\/wp-json\/wp\/v2\/comments?post=80870"}],"version-history":[{"count":3,"href":"https:\/\/www.polycor.com\/fr-ca\/wp-json\/wp\/v2\/pages\/80870\/revisions"}],"predecessor-version":[{"id":80888,"href":"https:\/\/www.polycor.com\/fr-ca\/wp-json\/wp\/v2\/pages\/80870\/revisions\/80888"}],"up":[{"embeddable":true,"href":"https:\/\/www.polycor.com\/fr-ca\/wp-json\/wp\/v2\/pages\/38873"}],"wp:featuredmedia":[{"embeddable":true,"href":"https:\/\/www.polycor.com\/fr-ca\/wp-json\/wp\/v2\/media\/57374"}],"wp:attachment":[{"href":"https:\/\/www.polycor.com\/fr-ca\/wp-json\/wp\/v2\/media?parent=80870"}],"wp:term":[{"taxonomy":"materials","embeddable":true,"href":"https:\/\/www.polycor.com\/fr-ca\/wp-json\/wp\/v2\/materials?post=80870"},{"taxonomy":"project-tags","embeddable":true,"href":"https:\/\/www.polycor.com\/fr-ca\/wp-json\/wp\/v2\/project-tags?post=80870"},{"taxonomy":"resource_type","embeddable":true,"href":"https:\/\/www.polycor.com\/fr-ca\/wp-json\/wp\/v2\/resource_type?post=80870"},{"taxonomy":"sites","embeddable":true,"href":"https:\/\/www.polycor.com\/fr-ca\/wp-json\/wp\/v2\/sites?post=80870"},{"taxonomy":"stone_tags","embeddable":true,"href":"https:\/\/www.polycor.com\/fr-ca\/wp-json\/wp\/v2\/stone_tags?post=80870"},{"taxonomy":"product-tax","embeddable":true,"href":"https:\/\/www.polycor.com\/fr-ca\/wp-json\/wp\/v2\/product-tax?post=80870"},{"taxonomy":"application-tax","embeddable":true,"href":"https:\/\/www.polycor.com\/fr-ca\/wp-json\/wp\/v2\/application-tax?post=80870"}],"curies":[{"name":"wp","href":"https:\/\/api.w.org\/{rel}","templated":true}]}}